{"id":39,"date":"2022-06-22T13:08:25","date_gmt":"2022-06-22T13:08:25","guid":{"rendered":"https:\/\/www.sjas-journal.org\/?page_id=39"},"modified":"2022-08-30T11:49:15","modified_gmt":"2022-08-30T11:49:15","slug":"submit-manuscript","status":"publish","type":"page","link":"https:\/\/www.sjas-journal.org\/?page_id=39","title":{"rendered":"Submit manuscript"},"content":{"rendered":"\n<p>Dear colleague, please pay attention the following. SJAS submission form was upgraded. Now you will use <a href=\"https:\/\/pkp.sfu.ca\/ojs\/\">Open Journal System (OJS<\/a>) developed by <a href=\"https:\/\/pkp.sfu.ca\/\">PKP Knowledge<\/a> for submission your article.<\/p>\n\n\n\n<p>Please read the <a href=\"https:\/\/www.sjas-journal.org\/?page_id=32\">Instructions for Authors<\/a> before submitting your manuscript. The manuscript files should give the last name of the first author, but it is not necessary. If you have any questions, please contact editorial office: <a href=\"mailto:sjas@nppc.sk\">sjas@nppc.sk<\/a> or <a href=\"mailto:sjas@sjas-journal.org\">sjas@sjas-journal.org<\/a><\/p>\n\n\n\n<p><a href=\"https:\/\/office.sjas-journal.org\/index.php\/sjas\/about\/submissions\">Submit manuscripts <\/a>via Open Journal System (OJS) supported by PKP Knowledge on SJAS OFFICE. You must be registered first. Max 7 days after it is received, your manuscript will have a number assigned.<\/p>\n\n\n\n<p>Slovak Journal of Animal Science will accept manuscripts submitted via OJS only, not as email attachment.<\/p>\n","protected":false},"excerpt":{"rendered":"<p>Dear colleague, please pay attention the following. SJAS submission form was upgraded. Now you will use Open Journal System (OJS) developed by PKP Knowledge for submission your article. Please read the Instructions for Authors&#46;&#46;&#46;<\/p>\n","protected":false},"author":1,"featured_media":0,"parent":0,"menu_order":0,"comment_status":"closed","ping_status":"closed","template":"","meta":{"footnotes":""},"class_list":["post-39","page","type-page","status-publish","hentry"],"yoast_head":"<!-- This site is optimized with the Yoast SEO plugin v27.5 - https:\/\/yoast.com\/product\/yoast-seo-wordpress\/ -->\n<title>Submit manuscript - Slovak Journal of Animal Science<\/title>\n<meta name=\"robots\" content=\"index, follow, max-snippet:-1, max-image-preview:large, max-video-preview:-1\" \/>\n<link rel=\"canonical\" href=\"https:\/\/www.sjas-journal.org\/?page_id=39\" \/>\n<meta property=\"og:locale\" content=\"sk_SK\" \/>\n<meta property=\"og:type\" content=\"article\" \/>\n<meta property=\"og:title\" content=\"Submit manuscript - Slovak Journal of Animal Science\" \/>\n<meta property=\"og:description\" content=\"Dear colleague, please pay attention the following. SJAS submission form was upgraded. Now you will use Open Journal System (OJS) developed by PKP Knowledge for submission your article. Please read the Instructions for Authors&#046;&#046;&#046;\" \/>\n<meta property=\"og:url\" content=\"https:\/\/www.sjas-journal.org\/?page_id=39\" \/>\n<meta property=\"og:site_name\" content=\"Slovak Journal of Animal Science\" \/>\n<meta property=\"article:modified_time\" content=\"2022-08-30T11:49:15+00:00\" \/>\n<meta name=\"twitter:card\" content=\"summary_large_image\" \/>\n<meta name=\"twitter:label1\" content=\"Predpokladan\u00fd \u010das \u010d\u00edtania\" \/>\n\t<meta name=\"twitter:data1\" content=\"1 min\u00fata\" \/>\n<script type=\"application\/ld+json\" class=\"yoast-schema-graph\">{\"@context\":\"https:\\\/\\\/schema.org\",\"@graph\":[{\"@type\":\"WebPage\",\"@id\":\"https:\\\/\\\/www.sjas-journal.org\\\/?page_id=39\",\"url\":\"https:\\\/\\\/www.sjas-journal.org\\\/?page_id=39\",\"name\":\"Submit manuscript - Slovak Journal of Animal Science\",\"isPartOf\":{\"@id\":\"https:\\\/\\\/www.sjas-journal.org\\\/#website\"},\"datePublished\":\"2022-06-22T13:08:25+00:00\",\"dateModified\":\"2022-08-30T11:49:15+00:00\",\"breadcrumb\":{\"@id\":\"https:\\\/\\\/www.sjas-journal.org\\\/?page_id=39#breadcrumb\"},\"inLanguage\":\"sk-SK\",\"potentialAction\":[{\"@type\":\"ReadAction\",\"target\":[\"https:\\\/\\\/www.sjas-journal.org\\\/?page_id=39\"]}]},{\"@type\":\"BreadcrumbList\",\"@id\":\"https:\\\/\\\/www.sjas-journal.org\\\/?page_id=39#breadcrumb\",\"itemListElement\":[{\"@type\":\"ListItem\",\"position\":1,\"name\":\"Home\",\"item\":\"https:\\\/\\\/www.sjas-journal.org\\\/\"},{\"@type\":\"ListItem\",\"position\":2,\"name\":\"Submit manuscript\"}]},{\"@type\":\"WebSite\",\"@id\":\"https:\\\/\\\/www.sjas-journal.org\\\/#website\",\"url\":\"https:\\\/\\\/www.sjas-journal.org\\\/\",\"name\":\"Slovak Journal of Animal Science\",\"description\":\"\",\"publisher\":{\"@id\":\"https:\\\/\\\/www.sjas-journal.org\\\/#organization\"},\"potentialAction\":[{\"@type\":\"SearchAction\",\"target\":{\"@type\":\"EntryPoint\",\"urlTemplate\":\"https:\\\/\\\/www.sjas-journal.org\\\/?s={search_term_string}\"},\"query-input\":{\"@type\":\"PropertyValueSpecification\",\"valueRequired\":true,\"valueName\":\"search_term_string\"}}],\"inLanguage\":\"sk-SK\"},{\"@type\":\"Organization\",\"@id\":\"https:\\\/\\\/www.sjas-journal.org\\\/#organization\",\"name\":\"Slovak Journal of Animal Science\",\"url\":\"https:\\\/\\\/www.sjas-journal.org\\\/\",\"logo\":{\"@type\":\"ImageObject\",\"inLanguage\":\"sk-SK\",\"@id\":\"https:\\\/\\\/www.sjas-journal.org\\\/#\\\/schema\\\/logo\\\/image\\\/\",\"url\":\"https:\\\/\\\/www.sjas-journal.org\\\/wp-content\\\/uploads\\\/2022\\\/09\\\/logo2-scaled.jpg\",\"contentUrl\":\"https:\\\/\\\/www.sjas-journal.org\\\/wp-content\\\/uploads\\\/2022\\\/09\\\/logo2-scaled.jpg\",\"width\":2560,\"height\":261,\"caption\":\"Slovak Journal of Animal Science\"},\"image\":{\"@id\":\"https:\\\/\\\/www.sjas-journal.org\\\/#\\\/schema\\\/logo\\\/image\\\/\"}}]}<\/script>\n<!-- \/ Yoast SEO plugin. -->","yoast_head_json":{"title":"Submit manuscript - Slovak Journal of Animal Science","robots":{"index":"index","follow":"follow","max-snippet":"max-snippet:-1","max-image-preview":"max-image-preview:large","max-video-preview":"max-video-preview:-1"},"canonical":"https:\/\/www.sjas-journal.org\/?page_id=39","og_locale":"sk_SK","og_type":"article","og_title":"Submit manuscript - Slovak Journal of Animal Science","og_description":"Dear colleague, please pay attention the following. SJAS submission form was upgraded. Now you will use Open Journal System (OJS) developed by PKP Knowledge for submission your article. Please read the Instructions for Authors&#46;&#46;&#46;","og_url":"https:\/\/www.sjas-journal.org\/?page_id=39","og_site_name":"Slovak Journal of Animal Science","article_modified_time":"2022-08-30T11:49:15+00:00","twitter_card":"summary_large_image","twitter_misc":{"Predpokladan\u00fd \u010das \u010d\u00edtania":"1 min\u00fata"},"schema":{"@context":"https:\/\/schema.org","@graph":[{"@type":"WebPage","@id":"https:\/\/www.sjas-journal.org\/?page_id=39","url":"https:\/\/www.sjas-journal.org\/?page_id=39","name":"Submit manuscript - Slovak Journal of Animal Science","isPartOf":{"@id":"https:\/\/www.sjas-journal.org\/#website"},"datePublished":"2022-06-22T13:08:25+00:00","dateModified":"2022-08-30T11:49:15+00:00","breadcrumb":{"@id":"https:\/\/www.sjas-journal.org\/?page_id=39#breadcrumb"},"inLanguage":"sk-SK","potentialAction":[{"@type":"ReadAction","target":["https:\/\/www.sjas-journal.org\/?page_id=39"]}]},{"@type":"BreadcrumbList","@id":"https:\/\/www.sjas-journal.org\/?page_id=39#breadcrumb","itemListElement":[{"@type":"ListItem","position":1,"name":"Home","item":"https:\/\/www.sjas-journal.org\/"},{"@type":"ListItem","position":2,"name":"Submit manuscript"}]},{"@type":"WebSite","@id":"https:\/\/www.sjas-journal.org\/#website","url":"https:\/\/www.sjas-journal.org\/","name":"Slovak Journal of Animal Science","description":"","publisher":{"@id":"https:\/\/www.sjas-journal.org\/#organization"},"potentialAction":[{"@type":"SearchAction","target":{"@type":"EntryPoint","urlTemplate":"https:\/\/www.sjas-journal.org\/?s={search_term_string}"},"query-input":{"@type":"PropertyValueSpecification","valueRequired":true,"valueName":"search_term_string"}}],"inLanguage":"sk-SK"},{"@type":"Organization","@id":"https:\/\/www.sjas-journal.org\/#organization","name":"Slovak Journal of Animal Science","url":"https:\/\/www.sjas-journal.org\/","logo":{"@type":"ImageObject","inLanguage":"sk-SK","@id":"https:\/\/www.sjas-journal.org\/#\/schema\/logo\/image\/","url":"https:\/\/www.sjas-journal.org\/wp-content\/uploads\/2022\/09\/logo2-scaled.jpg","contentUrl":"https:\/\/www.sjas-journal.org\/wp-content\/uploads\/2022\/09\/logo2-scaled.jpg","width":2560,"height":261,"caption":"Slovak Journal of Animal Science"},"image":{"@id":"https:\/\/www.sjas-journal.org\/#\/schema\/logo\/image\/"}}]}},"_links":{"self":[{"href":"https:\/\/www.sjas-journal.org\/index.php?rest_route=\/wp\/v2\/pages\/39","targetHints":{"allow":["GET"]}}],"collection":[{"href":"https:\/\/www.sjas-journal.org\/index.php?rest_route=\/wp\/v2\/pages"}],"about":[{"href":"https:\/\/www.sjas-journal.org\/index.php?rest_route=\/wp\/v2\/types\/page"}],"author":[{"embeddable":true,"href":"https:\/\/www.sjas-journal.org\/index.php?rest_route=\/wp\/v2\/users\/1"}],"replies":[{"embeddable":true,"href":"https:\/\/www.sjas-journal.org\/index.php?rest_route=%2Fwp%2Fv2%2Fcomments&post=39"}],"version-history":[{"count":2,"href":"https:\/\/www.sjas-journal.org\/index.php?rest_route=\/wp\/v2\/pages\/39\/revisions"}],"predecessor-version":[{"id":121,"href":"https:\/\/www.sjas-journal.org\/index.php?rest_route=\/wp\/v2\/pages\/39\/revisions\/121"}],"wp:attachment":[{"href":"https:\/\/www.sjas-journal.org\/index.php?rest_route=%2Fwp%2Fv2%2Fmedia&parent=39"}],"curies":[{"name":"wp","href":"https:\/\/api.w.org\/{rel}","templated":true}]}}