{"id":36,"date":"2022-06-22T13:05:00","date_gmt":"2022-06-22T13:05:00","guid":{"rendered":"https:\/\/www.sjas-journal.org\/?page_id=36"},"modified":"2022-11-09T09:52:40","modified_gmt":"2022-11-09T09:52:40","slug":"contact","status":"publish","type":"page","link":"https:\/\/www.sjas-journal.org\/?page_id=36","title":{"rendered":"Contact"},"content":{"rendered":"\n<p><strong><em>Slovak Journal of Animal Science<\/em><\/strong> (ISSN 1337-9984 printed version | ISSN 1338-0095 online version) is an international peer-reviewed scientific journal edited by National Agricultural and Food Centre (NPPC) \u2013 Research Institute for Animal Production Nitra, Slovakia and published by the <a href=\"https:\/\/scicell.org\/\">SciCell<\/a> publishing house.<\/p>\n\n\n\n<p><strong>Contacts<\/strong><br><br><strong>Editorial office, orders, subscription and distribution:\u00a0<\/strong><br>National Agricultural and Food Centre \u2013 Research Institute for Animal Production Nitra, Hlohoveck\u00e1 2,<br>951 41 Lu\u017eianky, Slovak Republic<br>Phone: +421 376 546 249<br>e-mail:\u00a0<a href=\"mailto:sjas@nppc.sk\">sjas@nppc.sk<\/a>,\u00a0<a href=\"mailto:editor@sjas-journal.org\">editor@sjas-journal.org<\/a> <\/p>\n\n\n\n<p><strong>Technical Support contact:<\/strong><br>Luk\u00e1\u0161 Hleba:&nbsp;<a href=\"mailto:scicell@scicell.org\">scicell@scicell.org<\/a><\/p>\n","protected":false},"excerpt":{"rendered":"<p>Slovak Journal of Animal Science (ISSN 1337-9984 printed version | ISSN 1338-0095 online version) is an international peer-reviewed scientific journal edited by National Agricultural and Food Centre (NPPC) \u2013 Research Institute for Animal Production&#46;&#46;&#46;<\/p>\n","protected":false},"author":1,"featured_media":0,"parent":0,"menu_order":0,"comment_status":"closed","ping_status":"closed","template":"","meta":{"footnotes":""},"class_list":["post-36","page","type-page","status-publish","hentry"],"yoast_head":"<!-- This site is optimized with the Yoast SEO plugin v27.5 - https:\/\/yoast.com\/product\/yoast-seo-wordpress\/ -->\n<title>Contact - Slovak Journal of Animal Science<\/title>\n<meta name=\"robots\" content=\"index, follow, max-snippet:-1, max-image-preview:large, max-video-preview:-1\" \/>\n<link rel=\"canonical\" href=\"https:\/\/www.sjas-journal.org\/?page_id=36\" \/>\n<meta property=\"og:locale\" content=\"sk_SK\" \/>\n<meta property=\"og:type\" content=\"article\" \/>\n<meta property=\"og:title\" content=\"Contact - Slovak Journal of Animal Science\" \/>\n<meta property=\"og:description\" content=\"Slovak Journal of Animal Science (ISSN 1337-9984 printed version | ISSN 1338-0095 online version) is an international peer-reviewed scientific journal edited by National Agricultural and Food Centre (NPPC) \u2013 Research Institute for Animal Production&#046;&#046;&#046;\" \/>\n<meta property=\"og:url\" content=\"https:\/\/www.sjas-journal.org\/?page_id=36\" \/>\n<meta property=\"og:site_name\" content=\"Slovak Journal of Animal Science\" \/>\n<meta property=\"article:modified_time\" content=\"2022-11-09T09:52:40+00:00\" \/>\n<meta name=\"twitter:card\" content=\"summary_large_image\" \/>\n<meta name=\"twitter:label1\" content=\"Predpokladan\u00fd \u010das \u010d\u00edtania\" \/>\n\t<meta name=\"twitter:data1\" content=\"1 min\u00fata\" \/>\n<script type=\"application\/ld+json\" class=\"yoast-schema-graph\">{\"@context\":\"https:\\\/\\\/schema.org\",\"@graph\":[{\"@type\":\"WebPage\",\"@id\":\"https:\\\/\\\/www.sjas-journal.org\\\/?page_id=36\",\"url\":\"https:\\\/\\\/www.sjas-journal.org\\\/?page_id=36\",\"name\":\"Contact - Slovak Journal of Animal Science\",\"isPartOf\":{\"@id\":\"https:\\\/\\\/www.sjas-journal.org\\\/#website\"},\"datePublished\":\"2022-06-22T13:05:00+00:00\",\"dateModified\":\"2022-11-09T09:52:40+00:00\",\"breadcrumb\":{\"@id\":\"https:\\\/\\\/www.sjas-journal.org\\\/?page_id=36#breadcrumb\"},\"inLanguage\":\"sk-SK\",\"potentialAction\":[{\"@type\":\"ReadAction\",\"target\":[\"https:\\\/\\\/www.sjas-journal.org\\\/?page_id=36\"]}]},{\"@type\":\"BreadcrumbList\",\"@id\":\"https:\\\/\\\/www.sjas-journal.org\\\/?page_id=36#breadcrumb\",\"itemListElement\":[{\"@type\":\"ListItem\",\"position\":1,\"name\":\"Home\",\"item\":\"https:\\\/\\\/www.sjas-journal.org\\\/\"},{\"@type\":\"ListItem\",\"position\":2,\"name\":\"Contact\"}]},{\"@type\":\"WebSite\",\"@id\":\"https:\\\/\\\/www.sjas-journal.org\\\/#website\",\"url\":\"https:\\\/\\\/www.sjas-journal.org\\\/\",\"name\":\"Slovak Journal of Animal Science\",\"description\":\"\",\"publisher\":{\"@id\":\"https:\\\/\\\/www.sjas-journal.org\\\/#organization\"},\"potentialAction\":[{\"@type\":\"SearchAction\",\"target\":{\"@type\":\"EntryPoint\",\"urlTemplate\":\"https:\\\/\\\/www.sjas-journal.org\\\/?s={search_term_string}\"},\"query-input\":{\"@type\":\"PropertyValueSpecification\",\"valueRequired\":true,\"valueName\":\"search_term_string\"}}],\"inLanguage\":\"sk-SK\"},{\"@type\":\"Organization\",\"@id\":\"https:\\\/\\\/www.sjas-journal.org\\\/#organization\",\"name\":\"Slovak Journal of Animal Science\",\"url\":\"https:\\\/\\\/www.sjas-journal.org\\\/\",\"logo\":{\"@type\":\"ImageObject\",\"inLanguage\":\"sk-SK\",\"@id\":\"https:\\\/\\\/www.sjas-journal.org\\\/#\\\/schema\\\/logo\\\/image\\\/\",\"url\":\"https:\\\/\\\/www.sjas-journal.org\\\/wp-content\\\/uploads\\\/2022\\\/09\\\/logo2-scaled.jpg\",\"contentUrl\":\"https:\\\/\\\/www.sjas-journal.org\\\/wp-content\\\/uploads\\\/2022\\\/09\\\/logo2-scaled.jpg\",\"width\":2560,\"height\":261,\"caption\":\"Slovak Journal of Animal Science\"},\"image\":{\"@id\":\"https:\\\/\\\/www.sjas-journal.org\\\/#\\\/schema\\\/logo\\\/image\\\/\"}}]}<\/script>\n<!-- \/ Yoast SEO plugin. -->","yoast_head_json":{"title":"Contact - Slovak Journal of Animal Science","robots":{"index":"index","follow":"follow","max-snippet":"max-snippet:-1","max-image-preview":"max-image-preview:large","max-video-preview":"max-video-preview:-1"},"canonical":"https:\/\/www.sjas-journal.org\/?page_id=36","og_locale":"sk_SK","og_type":"article","og_title":"Contact - Slovak Journal of Animal Science","og_description":"Slovak Journal of Animal Science (ISSN 1337-9984 printed version | ISSN 1338-0095 online version) is an international peer-reviewed scientific journal edited by National Agricultural and Food Centre (NPPC) \u2013 Research Institute for Animal Production&#46;&#46;&#46;","og_url":"https:\/\/www.sjas-journal.org\/?page_id=36","og_site_name":"Slovak Journal of Animal Science","article_modified_time":"2022-11-09T09:52:40+00:00","twitter_card":"summary_large_image","twitter_misc":{"Predpokladan\u00fd \u010das \u010d\u00edtania":"1 min\u00fata"},"schema":{"@context":"https:\/\/schema.org","@graph":[{"@type":"WebPage","@id":"https:\/\/www.sjas-journal.org\/?page_id=36","url":"https:\/\/www.sjas-journal.org\/?page_id=36","name":"Contact - Slovak Journal of Animal Science","isPartOf":{"@id":"https:\/\/www.sjas-journal.org\/#website"},"datePublished":"2022-06-22T13:05:00+00:00","dateModified":"2022-11-09T09:52:40+00:00","breadcrumb":{"@id":"https:\/\/www.sjas-journal.org\/?page_id=36#breadcrumb"},"inLanguage":"sk-SK","potentialAction":[{"@type":"ReadAction","target":["https:\/\/www.sjas-journal.org\/?page_id=36"]}]},{"@type":"BreadcrumbList","@id":"https:\/\/www.sjas-journal.org\/?page_id=36#breadcrumb","itemListElement":[{"@type":"ListItem","position":1,"name":"Home","item":"https:\/\/www.sjas-journal.org\/"},{"@type":"ListItem","position":2,"name":"Contact"}]},{"@type":"WebSite","@id":"https:\/\/www.sjas-journal.org\/#website","url":"https:\/\/www.sjas-journal.org\/","name":"Slovak Journal of Animal Science","description":"","publisher":{"@id":"https:\/\/www.sjas-journal.org\/#organization"},"potentialAction":[{"@type":"SearchAction","target":{"@type":"EntryPoint","urlTemplate":"https:\/\/www.sjas-journal.org\/?s={search_term_string}"},"query-input":{"@type":"PropertyValueSpecification","valueRequired":true,"valueName":"search_term_string"}}],"inLanguage":"sk-SK"},{"@type":"Organization","@id":"https:\/\/www.sjas-journal.org\/#organization","name":"Slovak Journal of Animal Science","url":"https:\/\/www.sjas-journal.org\/","logo":{"@type":"ImageObject","inLanguage":"sk-SK","@id":"https:\/\/www.sjas-journal.org\/#\/schema\/logo\/image\/","url":"https:\/\/www.sjas-journal.org\/wp-content\/uploads\/2022\/09\/logo2-scaled.jpg","contentUrl":"https:\/\/www.sjas-journal.org\/wp-content\/uploads\/2022\/09\/logo2-scaled.jpg","width":2560,"height":261,"caption":"Slovak Journal of Animal Science"},"image":{"@id":"https:\/\/www.sjas-journal.org\/#\/schema\/logo\/image\/"}}]}},"_links":{"self":[{"href":"https:\/\/www.sjas-journal.org\/index.php?rest_route=\/wp\/v2\/pages\/36","targetHints":{"allow":["GET"]}}],"collection":[{"href":"https:\/\/www.sjas-journal.org\/index.php?rest_route=\/wp\/v2\/pages"}],"about":[{"href":"https:\/\/www.sjas-journal.org\/index.php?rest_route=\/wp\/v2\/types\/page"}],"author":[{"embeddable":true,"href":"https:\/\/www.sjas-journal.org\/index.php?rest_route=\/wp\/v2\/users\/1"}],"replies":[{"embeddable":true,"href":"https:\/\/www.sjas-journal.org\/index.php?rest_route=%2Fwp%2Fv2%2Fcomments&post=36"}],"version-history":[{"count":6,"href":"https:\/\/www.sjas-journal.org\/index.php?rest_route=\/wp\/v2\/pages\/36\/revisions"}],"predecessor-version":[{"id":171,"href":"https:\/\/www.sjas-journal.org\/index.php?rest_route=\/wp\/v2\/pages\/36\/revisions\/171"}],"wp:attachment":[{"href":"https:\/\/www.sjas-journal.org\/index.php?rest_route=%2Fwp%2Fv2%2Fmedia&parent=36"}],"curies":[{"name":"wp","href":"https:\/\/api.w.org\/{rel}","templated":true}]}}