{"id":269,"date":"2025-10-01T06:59:12","date_gmt":"2025-10-01T06:59:12","guid":{"rendered":"https:\/\/www.sjas-journal.org\/?page_id=269"},"modified":"2025-10-01T06:59:13","modified_gmt":"2025-10-01T06:59:13","slug":"notice-to-visitors","status":"publish","type":"page","link":"https:\/\/www.sjas-journal.org\/?page_id=269","title":{"rendered":"Notice to Visitors"},"content":{"rendered":"\n<p><br>The list of Editorial Board members is currently under complete revision and update. During this process, detailed information about the Editorial Board is temporarily unavailable. Thank you for your understanding and patience.<\/p>\n","protected":false},"excerpt":{"rendered":"<p>The list of Editorial Board members is currently under complete revision and update. During this process, detailed information about the Editorial Board is temporarily unavailable. Thank you for your understanding and patience.<\/p>\n","protected":false},"author":1,"featured_media":0,"parent":0,"menu_order":0,"comment_status":"closed","ping_status":"closed","template":"","meta":{"footnotes":""},"class_list":["post-269","page","type-page","status-publish","hentry"],"yoast_head":"<!-- This site is optimized with the Yoast SEO plugin v27.5 - https:\/\/yoast.com\/product\/yoast-seo-wordpress\/ -->\n<title>Notice to Visitors - Slovak Journal of Animal Science<\/title>\n<meta name=\"robots\" content=\"index, follow, max-snippet:-1, max-image-preview:large, max-video-preview:-1\" \/>\n<link rel=\"canonical\" href=\"https:\/\/www.sjas-journal.org\/?page_id=269\" \/>\n<meta property=\"og:locale\" content=\"sk_SK\" \/>\n<meta property=\"og:type\" content=\"article\" \/>\n<meta property=\"og:title\" content=\"Notice to Visitors - Slovak Journal of Animal Science\" \/>\n<meta property=\"og:description\" content=\"The list of Editorial Board members is currently under complete revision and update. During this process, detailed information about the Editorial Board is temporarily unavailable. Thank you for your understanding and patience.\" \/>\n<meta property=\"og:url\" content=\"https:\/\/www.sjas-journal.org\/?page_id=269\" \/>\n<meta property=\"og:site_name\" content=\"Slovak Journal of Animal Science\" \/>\n<meta property=\"article:modified_time\" content=\"2025-10-01T06:59:13+00:00\" \/>\n<meta name=\"twitter:card\" content=\"summary_large_image\" \/>\n<meta name=\"twitter:label1\" content=\"Predpokladan\u00fd \u010das \u010d\u00edtania\" \/>\n\t<meta name=\"twitter:data1\" content=\"1 min\u00fata\" \/>\n<script type=\"application\/ld+json\" class=\"yoast-schema-graph\">{\"@context\":\"https:\\\/\\\/schema.org\",\"@graph\":[{\"@type\":\"WebPage\",\"@id\":\"https:\\\/\\\/www.sjas-journal.org\\\/?page_id=269\",\"url\":\"https:\\\/\\\/www.sjas-journal.org\\\/?page_id=269\",\"name\":\"Notice to Visitors - Slovak Journal of Animal Science\",\"isPartOf\":{\"@id\":\"https:\\\/\\\/www.sjas-journal.org\\\/#website\"},\"datePublished\":\"2025-10-01T06:59:12+00:00\",\"dateModified\":\"2025-10-01T06:59:13+00:00\",\"breadcrumb\":{\"@id\":\"https:\\\/\\\/www.sjas-journal.org\\\/?page_id=269#breadcrumb\"},\"inLanguage\":\"sk-SK\",\"potentialAction\":[{\"@type\":\"ReadAction\",\"target\":[\"https:\\\/\\\/www.sjas-journal.org\\\/?page_id=269\"]}]},{\"@type\":\"BreadcrumbList\",\"@id\":\"https:\\\/\\\/www.sjas-journal.org\\\/?page_id=269#breadcrumb\",\"itemListElement\":[{\"@type\":\"ListItem\",\"position\":1,\"name\":\"Home\",\"item\":\"https:\\\/\\\/www.sjas-journal.org\\\/\"},{\"@type\":\"ListItem\",\"position\":2,\"name\":\"Notice to Visitors\"}]},{\"@type\":\"WebSite\",\"@id\":\"https:\\\/\\\/www.sjas-journal.org\\\/#website\",\"url\":\"https:\\\/\\\/www.sjas-journal.org\\\/\",\"name\":\"Slovak Journal of Animal Science\",\"description\":\"\",\"publisher\":{\"@id\":\"https:\\\/\\\/www.sjas-journal.org\\\/#organization\"},\"potentialAction\":[{\"@type\":\"SearchAction\",\"target\":{\"@type\":\"EntryPoint\",\"urlTemplate\":\"https:\\\/\\\/www.sjas-journal.org\\\/?s={search_term_string}\"},\"query-input\":{\"@type\":\"PropertyValueSpecification\",\"valueRequired\":true,\"valueName\":\"search_term_string\"}}],\"inLanguage\":\"sk-SK\"},{\"@type\":\"Organization\",\"@id\":\"https:\\\/\\\/www.sjas-journal.org\\\/#organization\",\"name\":\"Slovak Journal of Animal Science\",\"url\":\"https:\\\/\\\/www.sjas-journal.org\\\/\",\"logo\":{\"@type\":\"ImageObject\",\"inLanguage\":\"sk-SK\",\"@id\":\"https:\\\/\\\/www.sjas-journal.org\\\/#\\\/schema\\\/logo\\\/image\\\/\",\"url\":\"https:\\\/\\\/www.sjas-journal.org\\\/wp-content\\\/uploads\\\/2022\\\/09\\\/logo2-scaled.jpg\",\"contentUrl\":\"https:\\\/\\\/www.sjas-journal.org\\\/wp-content\\\/uploads\\\/2022\\\/09\\\/logo2-scaled.jpg\",\"width\":2560,\"height\":261,\"caption\":\"Slovak Journal of Animal Science\"},\"image\":{\"@id\":\"https:\\\/\\\/www.sjas-journal.org\\\/#\\\/schema\\\/logo\\\/image\\\/\"}}]}<\/script>\n<!-- \/ Yoast SEO plugin. -->","yoast_head_json":{"title":"Notice to Visitors - Slovak Journal of Animal Science","robots":{"index":"index","follow":"follow","max-snippet":"max-snippet:-1","max-image-preview":"max-image-preview:large","max-video-preview":"max-video-preview:-1"},"canonical":"https:\/\/www.sjas-journal.org\/?page_id=269","og_locale":"sk_SK","og_type":"article","og_title":"Notice to Visitors - Slovak Journal of Animal Science","og_description":"The list of Editorial Board members is currently under complete revision and update. During this process, detailed information about the Editorial Board is temporarily unavailable. Thank you for your understanding and patience.","og_url":"https:\/\/www.sjas-journal.org\/?page_id=269","og_site_name":"Slovak Journal of Animal Science","article_modified_time":"2025-10-01T06:59:13+00:00","twitter_card":"summary_large_image","twitter_misc":{"Predpokladan\u00fd \u010das \u010d\u00edtania":"1 min\u00fata"},"schema":{"@context":"https:\/\/schema.org","@graph":[{"@type":"WebPage","@id":"https:\/\/www.sjas-journal.org\/?page_id=269","url":"https:\/\/www.sjas-journal.org\/?page_id=269","name":"Notice to Visitors - Slovak Journal of Animal Science","isPartOf":{"@id":"https:\/\/www.sjas-journal.org\/#website"},"datePublished":"2025-10-01T06:59:12+00:00","dateModified":"2025-10-01T06:59:13+00:00","breadcrumb":{"@id":"https:\/\/www.sjas-journal.org\/?page_id=269#breadcrumb"},"inLanguage":"sk-SK","potentialAction":[{"@type":"ReadAction","target":["https:\/\/www.sjas-journal.org\/?page_id=269"]}]},{"@type":"BreadcrumbList","@id":"https:\/\/www.sjas-journal.org\/?page_id=269#breadcrumb","itemListElement":[{"@type":"ListItem","position":1,"name":"Home","item":"https:\/\/www.sjas-journal.org\/"},{"@type":"ListItem","position":2,"name":"Notice to Visitors"}]},{"@type":"WebSite","@id":"https:\/\/www.sjas-journal.org\/#website","url":"https:\/\/www.sjas-journal.org\/","name":"Slovak Journal of Animal Science","description":"","publisher":{"@id":"https:\/\/www.sjas-journal.org\/#organization"},"potentialAction":[{"@type":"SearchAction","target":{"@type":"EntryPoint","urlTemplate":"https:\/\/www.sjas-journal.org\/?s={search_term_string}"},"query-input":{"@type":"PropertyValueSpecification","valueRequired":true,"valueName":"search_term_string"}}],"inLanguage":"sk-SK"},{"@type":"Organization","@id":"https:\/\/www.sjas-journal.org\/#organization","name":"Slovak Journal of Animal Science","url":"https:\/\/www.sjas-journal.org\/","logo":{"@type":"ImageObject","inLanguage":"sk-SK","@id":"https:\/\/www.sjas-journal.org\/#\/schema\/logo\/image\/","url":"https:\/\/www.sjas-journal.org\/wp-content\/uploads\/2022\/09\/logo2-scaled.jpg","contentUrl":"https:\/\/www.sjas-journal.org\/wp-content\/uploads\/2022\/09\/logo2-scaled.jpg","width":2560,"height":261,"caption":"Slovak Journal of Animal Science"},"image":{"@id":"https:\/\/www.sjas-journal.org\/#\/schema\/logo\/image\/"}}]}},"_links":{"self":[{"href":"https:\/\/www.sjas-journal.org\/index.php?rest_route=\/wp\/v2\/pages\/269","targetHints":{"allow":["GET"]}}],"collection":[{"href":"https:\/\/www.sjas-journal.org\/index.php?rest_route=\/wp\/v2\/pages"}],"about":[{"href":"https:\/\/www.sjas-journal.org\/index.php?rest_route=\/wp\/v2\/types\/page"}],"author":[{"embeddable":true,"href":"https:\/\/www.sjas-journal.org\/index.php?rest_route=\/wp\/v2\/users\/1"}],"replies":[{"embeddable":true,"href":"https:\/\/www.sjas-journal.org\/index.php?rest_route=%2Fwp%2Fv2%2Fcomments&post=269"}],"version-history":[{"count":1,"href":"https:\/\/www.sjas-journal.org\/index.php?rest_route=\/wp\/v2\/pages\/269\/revisions"}],"predecessor-version":[{"id":270,"href":"https:\/\/www.sjas-journal.org\/index.php?rest_route=\/wp\/v2\/pages\/269\/revisions\/270"}],"wp:attachment":[{"href":"https:\/\/www.sjas-journal.org\/index.php?rest_route=%2Fwp%2Fv2%2Fmedia&parent=269"}],"curies":[{"name":"wp","href":"https:\/\/api.w.org\/{rel}","templated":true}]}}